{"id":2246,"date":"2020-09-28T20:17:09","date_gmt":"2020-09-28T20:17:09","guid":{"rendered":"https:\/\/freieungarischebotschaft.de\/?page_id=2246"},"modified":"2021-07-02T13:15:04","modified_gmt":"2021-07-02T13:15:04","slug":"itt-szavazok","status":"publish","type":"page","link":"https:\/\/freieungarischebotschaft.de\/en\/itt-szavazok","title":{"rendered":"Itt Szavazok"},"content":{"rendered":"\n<p>Csoportunk az \u201cItt Szavazok\u201d projekten bel\u00fcl m\u00e1r a 2018-as orsz\u00e1ggy\u0171l\u00e9si v\u00e1laszt\u00e1sok \u00e9s a 2019-es eur\u00f3pai parlamenti v\u00e1laszt\u00e1sok sor\u00e1n is<a href=\"https:\/\/freieungarischebotschaft.de\/itt-szavazok-2018-as-parlamenti-valasztasok\"> inform\u00e1ci\u00f3k megoszt\u00e1s\u00e1val \u00e9s k\u00f6z\u00f6ss\u00e9g\u00e9p\u00edt\u00e9ssel t\u00e1mogatta<\/a> a k\u00fclf\u00f6ld\u00f6n \u00e9l\u0151k v\u00e1laszt\u00e1si r\u00e9szv\u00e9tel\u00e9nek n\u00f6veked\u00e9s\u00e9t N\u00e9metorsz\u00e1gban. Projekt\u00fcnk k\u00f6vetkez\u0151 m\u00e9rf\u00f6ldk\u00f6ve a lev\u00e9lszavaz\u00e1s el\u00e9r\u00e9se, ami jelent\u0151sen leegyszer\u0171s\u00edten\u00e9 a k\u00fclf\u00f6ldr\u0151l t\u00f6rt\u00e9n\u0151 szavaz\u00e1st a 2022-ben tartand\u00f3 orsz\u00e1ggy\u0171l\u00e9si v\u00e1laszt\u00e1sokon. Jelenleg erre csak abban az esetben van lehet\u0151s\u00e9g, ha a v\u00e1laszt\u00f3polg\u00e1r &#8220;leadja&#8221; a magyarorsz\u00e1gi lakc\u00edm\u00e9t, ami \u00e1ltal viszont elveszti az egyik szavazat\u00e1t a kett\u0151b\u0151l, ez esetben teh\u00e1t csak list\u00e1ra szavazhat. Ez sz\u00fcks\u00e9gtelen\u00fcl megk\u00fcl\u00f6nb\u00f6zteti a v\u00e1laszt\u00f3polg\u00e1rok k\u00fcl\u00f6nb\u00f6z\u0151 csoportjait egym\u00e1st\u00f3l.<\/p>\n\n\n\n<p>Kamp\u00e1nyunk c\u00e9lja az, hogy a k\u00fclf\u00f6ld\u00f6n \u00e9l\u0151 magyar v\u00e1laszt\u00f3polg\u00e1rok \u00e9s sz\u00f6vets\u00e9geseink mozg\u00f3s\u00edt\u00e1s\u00e1val el\u00e9rj\u00fck: <strong>a k\u00f6vetkez\u0151 orsz\u00e1ggy\u0171l\u00e9si v\u00e1laszt\u00e1son minden k\u00fclf\u00f6ld\u00f6n \u00e9l\u0151, de magyarorsz\u00e1gi lakc\u00edmmel rendelkez\u0151 magyar v\u00e1laszt\u00f3polg\u00e1r lev\u00e9lben adhassa le mindk\u00e9t szavazat\u00e1t.<\/strong> <br>A demokratikus jog\u00e1llam\u00e9rt k\u00fczd\u00fcnk, melynek alapja a legalapvet\u0151bb demokratikus jog: a szavazati jog. Nem szabad, hogy a demokratikus jogokat f\u00f6ldrajzi, id\u0151beli vagy anyagi korl\u00e1tok akad\u00e1lyozz\u00e1k, mert abban az esetben a demokr\u00e1cia min\u0151s\u00e9ge is romlik. Abban hisz\u00fcnk, hogy minden magyar \u00e1llampolg\u00e1rt megilleti az a jog, hogy lev\u00e9lben szavazhasson, mely leegyszer\u0171s\u00edti a demokratikus r\u00e9szv\u00e9telt \u00e9s ezzel jav\u00edtja a demokr\u00e1cia min\u0151s\u00e9g\u00e9t.<\/p>\n<p>&#8212;<\/p>\n<p>B\u00e1r Guly\u00e1s Gergely miniszter a 2021. m\u00e1rcius 18-i korm\u00e1nyinfon egyetlen egy percben, hihetetlen \u00e9rvekkel utas\u00edtotta el lev\u00e9lszavaz\u00e1si k\u00e9r\u00e9s\u00fcnket, azonban kamp\u00e1nyunk hat\u00e1s\u00e1ra egyre t\u00f6bb sz\u00f3 esik a k\u00fclf\u00f6ld\u00f6n \u00e9l\u0151 magyar v\u00e1laszt\u00f3k r\u00e9szv\u00e9tel\u00e9r\u0151l.<\/p>\n<p>Felvett\u00fck a kapcsolatot a demokratikusan elk\u00f6telezett ellenz\u00e9ki p\u00e1rtokkal is, melynek hat\u00e1s\u00e1ra az ellenz\u00e9ki \u00f6sszefog\u00e1sban r\u00e9sztvev\u0151 p\u00e1rtok \u00e1ltal k\u00e9sz\u00edtett alapdokumentum tartalmazza a k\u00fclf\u00f6ldi v\u00e1laszt\u00f3k r\u00e9szv\u00e9tel\u00e9nek k\u00f6nny\u00edt\u00e9s\u00e9t is!<\/p>\n<p>&#8220;Meg kell sz\u00fcntetni a hazai lakc\u00edmmel rendelkez\u0151, munkav\u00e1llal\u00e1s vagy tanul\u00e1s miatt diaszp\u00f3r\u00e1ban \u00e9l\u0151 magyar \u00e1llampolg\u00e1rok h\u00e1tr\u00e1nyos megk\u00fcl\u00f6nb\u00f6ztet\u00e9s\u00e9t a szavaz\u00e1s szempontj\u00e1b\u00f3l is.&#8221;<a href=\"https:\/\/l.facebook.com\/l.php?u=https%3A%2F%2Fkozosalap.hu%2Fkozos-haza-nemzetpolitika%3Ffbclid%3DIwAR0Dwj0QORHfbYlul4TQZDLnpUDBpYRXQCCGwaJ_nWK3DY0EpdmYleW9SPw&#038;h=AT3y37ftsURkZ0yVqUgajHufkzDjk6axQ-nbxxp8NFwYELz7WMWUckOqE8jHHA7UDuOgD9-UY-Lo5RL17_J_SkZf62lpNFBNWwhQDr5FXpuoJaJ-eMSJh-HmkdU3C1G5pw&#038;__tn__=-UK-R&#038;c[0]=AT3VAIB86YCQ3y1IsJx6D8Zrd_CYC1K9kbza3TxLogjgSaFm58aAqbUuU2TvABogw5RWUR2A_MQ7PqnYEOZJt0zbktb1cwdJiPGrXa9kFIt8Je1JRrsdSpiTrByjvwNrFskAioAQZG-drDAcXcZdVoQCm7xSt8UvdxSPdf2jtNPvIeyINMO_-aP2nHUx6zdOah1-UA\"> https:\/\/kozosalap.hu\/kozos-haza-nemzetpolitika<\/a><\/p>\n<p>Ennek nagyon \u00f6r\u00fcl\u00fcnk \u00e9s figyelemmel is fogjuk k\u00eds\u00e9rni, hogy melyik p\u00e1rt mennyire veszi komolyan a demokratikus r\u00e9szv\u00e9teli lehet\u0151s\u00e9geinket!<\/p>\n<hr>\n<p>Kamp\u00e1nyunk <a href=\"https:\/\/www.facebook.com\/ittszavazok\"><strong>Facebook-oldala<\/strong> ezen a linken \u00e9rhet\u0151 el<\/a> &#8211; de a <strong><a href=\"https:\/\/www.youtube.com\/playlist?list=PLTuIp8pdcZWu6Z3em2MUSzSmFGo-JvLpO\">vide\u00f3inkat a Youtube-oldalunkon<\/a><\/strong> kereszt\u00fcl is el lehet \u00e9rni.<\/p>\n\n\n\n<figure class=\"wp-block-image size-large\"><img loading=\"lazy\" decoding=\"async\" width=\"1024\" height=\"536\" src=\"https:\/\/freieungarischebotschaft.de\/wp-content\/uploads\/2021\/03\/share_cover_2021_01-1024x536.jpg\" alt=\"\" class=\"wp-image-2454\" srcset=\"https:\/\/freieungarischebotschaft.de\/wp-content\/uploads\/2021\/03\/share_cover_2021_01-1024x536.jpg 1024w, https:\/\/freieungarischebotschaft.de\/wp-content\/uploads\/2021\/03\/share_cover_2021_01-300x157.jpg 300w, https:\/\/freieungarischebotschaft.de\/wp-content\/uploads\/2021\/03\/share_cover_2021_01-768x402.jpg 768w, https:\/\/freieungarischebotschaft.de\/wp-content\/uploads\/2021\/03\/share_cover_2021_01.jpg 1200w\" sizes=\"auto, (max-width: 1024px) 100vw, 1024px\" \/><\/figure>\n\n\n\n<div class=\"wp-block-columns is-layout-flex wp-container-core-columns-is-layout-9d6595d7 wp-block-columns-is-layout-flex\">\n<div class=\"wp-block-column is-layout-flow wp-block-column-is-layout-flow\">\n<p><strong>PET\u00cdCI\u00d3!!!<\/strong> A k\u00fclf\u00f6ld\u00f6n \u00e9l\u0151 magyarok jelent\u0151s r\u00e9sze t\u00f6bb \u00f3r\u00e1s utaz\u00e1ssal \u00e9s t\u00f6bb t\u00edzezer forintos k\u00f6lts\u00e9ggel n\u00e9z szembe minden alkalommal, ha az urna el\u00e9 k\u00edv\u00e1n j\u00e1rulni. Ezek a neh\u00e9zs\u00e9gek sokaknak esetleg m\u00e9g lek\u00fczdhet\u0151ek &#8211; m\u00e9g ha feleslegesek is. De mi van azokkal, akik id\u0151sek \u00e9s nem tudnak m\u00e1r ennyit utazni? \u00c9s akik mozg\u00e1sukban korl\u00e1tozottak? Nagycsal\u00e1dosok vagy kisgyerek\u00fcket egyed\u00fcl nevel\u0151k? Mi\u00e9rt kellene nekik esetenk\u00e9nt t\u00f6bbsz\u00e1z kilom\u00e9tert utazniuk, hogy \u00e9lhessenek alapvet\u0151 demokratikus jogukkal?!&nbsp;<\/p>\n\n\n\n<p>Ez\u00e9rt a 2020. decemberi v\u00e1laszt\u00f3jogi v\u00e1ltoztat\u00e1sokat jegyz\u0151 Dr. Semj\u00e9n Zsolt minisztereln\u00f6k-helyettesnek \u00e9s Varga Judit igazs\u00e1g\u00fcgyi miniszternek c\u00edmezz\u00fck pet\u00edci\u00f3nkat: <strong>tegy\u00e9k lehet\u0151v\u00e9, hogy minden k\u00fclf\u00f6ld\u00f6n \u00e9l\u0151 magyar v\u00e1laszt\u00f3polg\u00e1r szavazhasson lev\u00e9lben!<\/strong><\/p>\n\n\n\n<p><a href=\"https:\/\/szabad.ahang.hu\/petitions\/igy-szavazok-levelszavazas-a-kulfoldon-elo-magyaroknak\" target=\"_blank\" rel=\"noreferrer noopener\"><strong>Ha egyet\u00e9rtesz vel\u00fcnk, akkor \u00edrd al\u00e1 \u00e9s oszd meg a pet\u00edci\u00f3nkat ezen a linken az aHang oldal\u00e1n!<\/strong><\/a><\/p>\n\n\n\n<p><\/p>\n\n\n\n<p><strong>BLOG<\/strong> K\u00edv\u00e1ncsi vagy, hogyan m\u0171k\u00f6dik a lev\u00e9lszavaz\u00e1s m\u00e1s orsz\u00e1gokban?<br>R\u00f6vid blogposztjainkat a t\u00e9m\u00e1ban itt olvashatod:<\/p>\n\n\n\n<p><a href=\"https:\/\/www.youtube.com\/watch?v=-jLJbK5h4Ow\" target=\"_blank\" rel=\"noreferrer noopener\"><\/a><strong><a href=\"https:\/\/freieungarischebotschaft.de\/kulfoldon-szavazas-az-europai-unioban\">K\u00fclf\u00f6ld\u00f6n szavaz\u00e1s az Eur\u00f3pai Uni\u00f3ban<\/a><\/strong><\/p>\n\n\n\n<p><strong><a href=\"https:\/\/freieungarischebotschaft.de\/levelszavazas-vandorlas-reszvetel\">Lev\u00e9lszavaz\u00e1s, v\u00e1ndorl\u00e1s, r\u00e9szv\u00e9tel<\/a><\/strong><\/p>\n\n\n\n<p><a href=\"https:\/\/freieungarischebotschaft.de\/levelszavazas-amerikaban\"><strong>Lev\u00e9lszavaz\u00e1s Amerik\u00e1ban<\/strong><\/a><\/p>\n\n\n\n<p><strong><a href=\"https:\/\/freieungarischebotschaft.de\/reszvetel-a-valasztasi-rendszer-peremen\">R\u00e9szv\u00e9tel a v\u00e1laszt\u00e1si rendszer perem\u00e9n<\/a><\/strong><\/p>\n\n\n\n<p><a href=\"https:\/\/freieungarischebotschaft.de\/hollandia-valaszt-de-hogyan\"><strong>Hollandia v\u00e1laszt &#8211; de hogyan?<\/strong><\/a><\/p>\n\n\n\n<p><\/p>\n<\/div>\n\n\n\n<div class=\"wp-block-column is-layout-flow wp-block-column-is-layout-flow\">\n<p><strong>M\u00c9DIAMEGJELEN\u00c9SEINK<\/strong><\/p>\n\n\n\n<p>Klubr\u00e1di\u00f3 &#8211; 2021.03.16. <a href=\"https:\/\/www.klubradio.hu\/data\/hanganyagok\/2021\/3\/16\/archivum_reggeligyors_210316.mp3?direct=1#t=3096\">Reggeli gyors<\/a><\/p>\n\n\n\n<p>Azonnali &#8211; 2021.03.12.&nbsp; <a href=\"https:\/\/azonnali.hu\/cikk\/20210312_civilek-kerik-hogy-2022-ben-minden-kulfoldon-tartozkodo-magyar-levelben-szavazhasson\">CIVILEK K\u00c9RIK, HOGY 2022-BEN MINDEN K\u00dcLF\u00d6LD\u00d6N TART\u00d3ZKOD\u00d3 MAGYAR LEV\u00c9LBEN SZAVAZHASSON<\/a><\/p>\n\n\n\n<p>Spirit FM &#8211; 2021.03.19.<a href=\"https:\/\/soundcloud.com\/user-667666134\/viccen-kivul-papai-nikoletta-aktivista-hollandia-20210319\"> Viccen K\u00edv\u00fcl: P\u00c1PAI NIKOLETTA AKTIVISTA (HOLLANDIA)<\/a><\/p>\n\n\n\n<p>ATV &#8211; 2021.03.23.<a href=\"http:\/\/www.atv.hu\/belfold\/20210322-egy-berlini-szervezet-szerint-igazsagtalan-a-magyar-valasztasi-rendszer\"> Egy berlini szervezet szerint igazs\u00e1gtalan a magyar v\u00e1laszt\u00e1si rendszer<\/a><\/p>\n\n\n\n<p>Mandiner &#8211; 2021.03.23.&nbsp; <a href=\"https:\/\/mandiner.hu\/cikk\/20210323_egy_berlini_szervezet_szerint_igazsagtalan_a_magyar_valasztasi_rendszer\">Egy berlini szervezet szerint igazs\u00e1gtalan a magyar v\u00e1laszt\u00e1si rendszer<\/a><\/p>\n\n\n\n<p>ATV Egyenes besz\u00e9d &#8211; 2021.04.01. <a href=\"http:\/\/www.atv.hu\/videok\/video-20210401-igazsagtalan-a-valasztasi-rendszer\">Igazs\u00e1gtalan a v\u00e1laszt\u00e1si rendszer?<\/a><\/p>\n\n\n\n<p>Telex.hu &#8211; 2021.04.29. <a href=\"https:\/\/telex.hu\/belfold\/2021\/04\/29\/harcsa-veronika-steiner-kristof-levelszavazas-kulfoldon-elo-magyarok\">Harcsa Veronika \u00e9s Steiner Krist\u00f3f is t\u00e1mogatja a lev\u00e9lszavaz\u00e1st<\/a><\/p>\n\n\n\n<p>HVG.hu &#8211; 2021.04.29. <a href=\"https:\/\/hvg.hu\/elet\/20210429_Nincs_mindenkinek_egy_teljes_napja_arra_hogy_leadja_a_szavazatat__Harcsa_Veronika_a_levelszavas_mellett_kampanyol\">Nincs mindenkinek egy teljes napja arra, hogy leadja a szavazat\u00e1t \u2013 Harcsa Veronika a lev\u00e9lszavaz\u00e1s mellett kamp\u00e1nyol<\/a><\/p>\n\n\n\n<p>Azonnali.hu &#8211; 2021.04.30. <a href=\"https:\/\/azonnali.hu\/cikk\/20210430_ha-24-millio-holland-megtehette-akkor-mi-miert-nem\">Ha 2,4 milli\u00f3 holland megtehette, akkor mi mi\u00e9rt nem?<\/a><\/p>\n\n\n\n<p>Spirit FM &#8211; 2021.05.06. <a href=\"https:\/\/soundcloud.com\/spiritfmbp\/aktual-vogyerak-anikoval-20210506#t=1:09:10\">Aktu\u00e1l Vogyer\u00e1k Anik\u00f3val<\/a><\/p>\n\n\n\n<p><strong>WEBINAR <\/strong>2020. okt\u00f3ber 28-\u00e1n online kerekasztal-besz\u00e9lget\u00e9s\u00fcnkben szak\u00e9rt\u0151k j\u00e1rt\u00e1k k\u00f6rbe a lev\u00e9lszavaz\u00e1s elm\u00e9leti \u00e9s gyakorlati lehet\u0151s\u00e9geit. A besz\u00e9lget\u00e9st itt n\u00e9zheted meg: <a href=\"https:\/\/www.youtube.com\/watch?v=-jLJbK5h4Ow\" target=\"_blank\" rel=\"noreferrer noopener\"><strong>Lev\u00e9lszavaz\u00e1s \u00e9s a politikai r\u00e9szv\u00e9tel kapcsolata<\/strong><\/a><\/p>\n\n\n<\/div>\n<\/div>\n\n\n\n<p><strong>KUTAT\u00c1SI BESZ\u00c1MOL\u00d3 <\/strong>K<span dir=\"auto\">amp\u00e1nyunk megalapoz\u00e1s\u00e1ra m\u00e9g 2020 okt\u00f3ber-novemberben online k\u00e9rd\u0151\u00edves felm\u00e9r\u00e9st v\u00e9gezt\u00fcnk a N\u00e9metorsz\u00e1gban \u00e9l\u0151 magyar v\u00e1laszt\u00f3k k\u00f6r\u00e9ben a lev\u00e9lszavaz\u00e1ssal kapcsolatban. Nagy \u00f6r\u00f6m\u00fcnkre t\u00f6bb mint 500 kit\u00f6lt\u0151nk volt! <\/span><\/p>\n<p><span dir=\"auto\">Kutat\u00e1sunk nem reprezentat\u00edv, hiszen a n\u00e9metorsz\u00e1gi magyarokr\u00f3l meglehet\u0151sen keveset lehet tudni, \u00edgy nem tudjuk meg\u00edt\u00e9lni, hogy a kit\u00f6lt\u0151ink mennyiben k\u00e9pezik le az itt \u00e9l\u0151 t\u00f6bb mint 200ezer magyar \u00e1llampolg\u00e1rt. Ennek ellen\u00e9re fontosnak tartjuk el\u00e9tek t\u00e1rni egy r\u00f6vid el\u0151ad\u00e1s keret\u00e9ben az eredm\u00e9nyeinket. <a href=\"https:\/\/youtu.be\/ngzf0nBcUUY\">Az el\u0151ad\u00e1sunk itt \u00e9rhet\u0151 el.<\/a><\/span><\/p>\n\n\n\n<hr class=\"wp-block-separator\"\/>\n\n\n\n<p>Amennyiben felkeltette \u00e9rdekl\u0151d\u00e9sedet a tev\u00e9kenys\u00e9g\u00fcnk \u00e9s sz\u00edvesen r\u00e9szt venn\u00e9l, mindenk\u00e9pp <a href=\"https:\/\/freieungarischebotschaft.de\/kapcsolat\">l\u00e9pj vel\u00fcnk kapcsolatba<\/a>! \u00c9rdekl\u0151d\u00e9sednek el\u0151re is \u00f6r\u00fcl\u00fcnk!<\/p>\n\n\n\n<p>*<a href=\"https:\/\/freieungarischebotschaft.de\/wp-content\/uploads\/2020\/09\/Itt-Szavazok-Adatv\u00e9delmi-Szab\u00e1lyzat.pdf\" target=\"_blank\" rel=\"noopener noreferrer\">Adatv\u00e9delmi szab\u00e1lyzat<\/a><\/p>\n","protected":false},"excerpt":{"rendered":"<p>Csoportunk az \u201cItt Szavazok\u201d projekten bel\u00fcl m\u00e1r a 2018-as orsz\u00e1ggy\u0171l\u00e9si v\u00e1laszt\u00e1sok \u00e9s a 2019-es eur\u00f3pai parlamenti v\u00e1laszt\u00e1sok sor\u00e1n is inform\u00e1ci\u00f3k megoszt\u00e1s\u00e1val \u00e9s k\u00f6z\u00f6ss\u00e9g\u00e9p\u00edt\u00e9ssel t\u00e1mogatta a k\u00fclf\u00f6ld\u00f6n \u00e9l\u0151k v\u00e1laszt\u00e1si r\u00e9szv\u00e9tel\u00e9nek n\u00f6veked\u00e9s\u00e9t N\u00e9metorsz\u00e1gban. Projekt\u00fcnk k\u00f6vetkez\u0151 m\u00e9rf\u00f6ldk\u00f6ve a lev\u00e9lszavaz\u00e1s el\u00e9r\u00e9se, ami jelent\u0151sen leegyszer\u0171s\u00edten\u00e9 a k\u00fclf\u00f6ldr\u0151l t\u00f6rt\u00e9n\u0151 szavaz\u00e1st a 2022-ben tartand\u00f3 orsz\u00e1ggy\u0171l\u00e9si v\u00e1laszt\u00e1sokon. Jelenleg erre csak abban az esetben [&hellip;]<\/p>\n","protected":false},"author":10,"featured_media":2268,"parent":0,"menu_order":0,"comment_status":"closed","ping_status":"closed","template":"templates\/template-full-width.php","meta":{"footnotes":""},"class_list":["post-2246","page","type-page","status-publish","has-post-thumbnail","hentry"],"_links":{"self":[{"href":"https:\/\/freieungarischebotschaft.de\/en\/wp-json\/wp\/v2\/pages\/2246","targetHints":{"allow":["GET"]}}],"collection":[{"href":"https:\/\/freieungarischebotschaft.de\/en\/wp-json\/wp\/v2\/pages"}],"about":[{"href":"https:\/\/freieungarischebotschaft.de\/en\/wp-json\/wp\/v2\/types\/page"}],"author":[{"embeddable":true,"href":"https:\/\/freieungarischebotschaft.de\/en\/wp-json\/wp\/v2\/users\/10"}],"replies":[{"embeddable":true,"href":"https:\/\/freieungarischebotschaft.de\/en\/wp-json\/wp\/v2\/comments?post=2246"}],"version-history":[{"count":25,"href":"https:\/\/freieungarischebotschaft.de\/en\/wp-json\/wp\/v2\/pages\/2246\/revisions"}],"predecessor-version":[{"id":2490,"href":"https:\/\/freieungarischebotschaft.de\/en\/wp-json\/wp\/v2\/pages\/2246\/revisions\/2490"}],"wp:featuredmedia":[{"embeddable":true,"href":"https:\/\/freieungarischebotschaft.de\/en\/wp-json\/wp\/v2\/media\/2268"}],"wp:attachment":[{"href":"https:\/\/freieungarischebotschaft.de\/en\/wp-json\/wp\/v2\/media?parent=2246"}],"curies":[{"name":"wp","href":"https:\/\/api.w.org\/{rel}","templated":true}]}}