{"id":2279,"date":"2020-09-30T13:43:45","date_gmt":"2020-09-30T13:43:45","guid":{"rendered":"https:\/\/freieungarischebotschaft.de\/?page_id=2279"},"modified":"2020-10-01T09:18:18","modified_gmt":"2020-10-01T09:18:18","slug":"kulfoldon-szavazas-az-europai-unioban","status":"publish","type":"page","link":"https:\/\/freieungarischebotschaft.de\/en\/kulfoldon-szavazas-az-europai-unioban","title":{"rendered":"K\u00fclf\u00f6ld\u00f6n szavaz\u00e1s az Eur\u00f3pai Uni\u00f3ban"},"content":{"rendered":"\n<div class=\"page\" title=\"Page 1\">\n<div class=\"section\">\n<div class=\"layoutArea\">\n<div class=\"column\">\n<h1>K\u00fclf\u00f6ld\u00f6n szavaz\u00e1s az Eur\u00f3pai Uni\u00f3ban<\/h1>\n<p>Ha egy f\u00f6ldrajzi t\u00e9rs\u00e9gen bel\u00fcl szabad mozg\u00e1s \u00e9s ezzel p\u00e1rhuzamosan jelent\u0151s gazdas\u00e1gi k\u00fcl\u00f6nbs\u00e9gek, egyenl\u0151tlens\u00e9gek voltak, akkor az ismert t\u00f6rt\u00e9nelemben mindenkor \u00e9s mindenhol megfigyelhet\u0151 volt \u00e9s v\u00e9lhet\u0151en lesz is a v\u00e1ndorl\u00e1s a szeg\u00e9nyebb tartom\u00e1nyok, vagy orsz\u00e1gok fel\u0151l a gazdagabbak fel\u00e9.<\/p>\n<div class=\"page\" title=\"Page 1\">\n<div class=\"section\">\n<div class=\"layoutArea\">\n<div class=\"column\">\n<p>Ett\u0151l k\u00fcl\u00f6nb\u00f6z\u0151 jelens\u00e9get, kifejezetten politikai-ideol\u00f3giai ind\u00edttat\u00e1s\u00fa v\u00e1ndorl\u00e1st is tapasztalhattunk mindenkor, besz\u00e9lhet\u00fcnk ilyenr\u0151l az Eur\u00f3pai Uni\u00f3n bel\u00fcl is. Magyarorsz\u00e1g eset\u00e9ben p\u00e9ld\u00e1ul sz\u00e1mos \u00fajs\u00e1g\u00edr\u00f3 \u00e9s m\u0171v\u00e9sz \u00e9rezte \u00fagy, hogy helyzete sz\u00fcl\u0151haz\u00e1j\u00e1ban a jelenlegi rezsim keretein bel\u00fcl rem\u00e9nytelenn\u00e9 v\u00e1lt \u00e9s elhagyta az orsz\u00e1got, vagy kiz\u00e1rta a visszat\u00e9r\u00e9st Orb\u00e1n uralm\u00e1nak id\u0151szak\u00e1ban. A k\u00e9t legismertebb n\u00e9v tal\u00e1n Schiff Andr\u00e1s zongorista \u00e9s Schilling \u00c1rp\u00e1d sz\u00ednh\u00e1zi rendez\u0151.<\/p>\n<div class=\"page\" title=\"Page 1\">\n<div class=\"section\">\n<div class=\"layoutArea\">\n<div class=\"column\">\n<p>A statisztikai rendszerek nemzeti rendszerek, m\u00edg a migr\u00e1ci\u00f3 nemzetek k\u00f6z\u00f6tti, az adatok \u00edgy gyakran nehezen ellen\u0151rizhet\u0151ek.<\/p>\n<p>A keletr\u0151l nyugatra t\u00f6rt\u00e9n\u0151 v\u00e1ndorl\u00e1s azonban konszenzussal nevezhet\u0151 sz\u00e1mottev\u0151nek, a volt keleti blokk orsz\u00e1gainak lakoss\u00e1g\u00e1t nagys\u00e1grendileg 10-20%-os ar\u00e1nyban \u00e9rinti, m\u00edg szint\u00e9n jelent\u0151s a mediterr\u00e1n tagorsz\u00e1gok fel\u0151l \u00e9szakra ir\u00e1nyul\u00f3 migr\u00e1ci\u00f3.<\/p>\n<p>Ennek ok\u00e1n az eg\u00e9sz demokratikus int\u00e9zm\u00e9nyrendszert \u00e9rint\u0151 k\u00e9rd\u00e9ss\u00e9 v\u00e1lik annak szab\u00e1lyoz\u00e1sa, hogyan \u00e9lhetnek, vagy nem \u00e9lhetnek szavazati jogukkal az Uni\u00f3 tagorsz\u00e1gainak k\u00fclf\u00f6ld\u00f6n \u00e9l\u0151 \u00e1llampolg\u00e1rai.<\/p>\n<p>Uni\u00f3s szinten nincsenek arra vonatkoz\u00f3 szab\u00e1lyok, hogy milyen jogok illetik meg azokat, akik k\u00fclf\u00f6ld\u00f6n tart\u00f3zkodnak, vagy \u00e9lnek, akkor, amikor haz\u00e1jukban v\u00e1laszt\u00e1sok vannak, ez a szab\u00e1lyoz\u00e1s teljes eg\u00e9sz\u00e9ben tag\u00e1llami hat\u00e1sk\u00f6r. Ennek megfelel\u0151en k\u00fcl\u00f6nbs\u00e9gek vannak.<\/p>\n<p>Van egyvalami azonban, ami kiz\u00e1r\u00f3lag az Orb\u00e1n rezsim sok elem\u00e9ben ellentmond\u00e1sos, agyaf\u00fartan aljas v\u00e1laszt\u00e1si rendszer\u00e9re jellemz\u0151, ez pedig a k\u00fcl\u00f6nbs\u00e9gt\u00e9tel a magyarorsz\u00e1gi lakc\u00edmmel rendelkez\u0151, illetve nem rendelkez\u0151 k\u00fclf\u00f6ld\u00f6n \u00e9l\u0151, vagy tart\u00f3zkod\u00f3 v\u00e1laszt\u00f3k k\u00f6z\u00f6tt.<\/p>\n<div class=\"page\" title=\"Page 2\">\n<div class=\"section\">\n<div class=\"layoutArea\">\n<div class=\"column\">\n<p>Eszerint a szab\u00e1lyoz\u00e1s szerint az egy\u00e9bk\u00e9nt nagyon helyesen magyar \u00e9s ezzel EU-s \u00e1llampolg\u00e1rs\u00e1ghoz jutott k\u00e1rp\u00e1taljai \u00e9s vajdas\u00e1gi, illetve szlov\u00e1kiai \u00e9s rom\u00e1niai magyarok sz\u00e1m\u00e1ra biztos\u00edtott a lev\u00e9lszavaz\u00e1s lehet\u0151s\u00e9ge a parlamenti v\u00e1laszt\u00e1sokon. Akkor is, ha tal\u00e1n soha nem \u00e9ltek a mai Magyarorsz\u00e1gon, nincs ott lakc\u00edm\u00fck, s esetleg a magyar \u00fatlev\u00e9llel nyugatra v\u00e1ndoroltak. 2011 \u00f3ta hozz\u00e1vet\u0151legesen 1 milli\u00f3 a kett\u0151s \u00e1llampolg\u00e1rs\u00e1ghoz jutottak sz\u00e1ma, ebben az uni\u00f3s szomsz\u00e9dok, Szlov\u00e1kia \u00e9s Rom\u00e1nia is benne vannak.<\/p>\n<p>Az a szer\u00e9ny becsl\u00e9s szerint is 600-800.000 v\u00e1laszt\u00f3 azonban, aki Magyarorsz\u00e1gr\u00f3l nyugatra emigr\u00e1lt, de esetleg megtartotta otthoni lakc\u00edm\u00e9t, csak a sokszor t\u00f6bb sz\u00e1z kilom\u00e9terre l\u00e9v\u0151 k\u00f6vets\u00e9geken, vagy konzul\u00e1tusokon \u00e9lhet szavazati jog\u00e1val.<\/p>\n<p>Vannak m\u00e1s tagorsz\u00e1gok is, mint Bulg\u00e1ria, vagy Csehorsz\u00e1g, ahol &#8211; helyesen, vagy helytelen\u00fcl -, nem biztos\u00edtott a lev\u00e9lszavaz\u00e1s a k\u00fclf\u00f6ld\u00f6n \u00e9l\u0151, vagy tart\u00f3zkod\u00f3 v\u00e1laszt\u00f3k sz\u00e1m\u00e1ra. Sok m\u00e1s tag\u00e1llam v\u00e1laszt\u00e1si rendszer\u00e9ben, t\u00f6bbek k\u00f6z\u00f6tt \u00c9sztorsz\u00e1g, Lettorsz\u00e1g \u00e9s Litv\u00e1nia eset\u00e9ben is ez m\u00e1r adott.<\/p>\n<p>De az, hogy a t\u00f6rv\u00e9nyalkot\u00f3 olyan diszkriminat\u00edv m\u00f3don tegyen k\u00fcl\u00f6nbs\u00e9get v\u00e1laszt\u00f3 \u00e9s v\u00e1laszt\u00f3 k\u00f6z\u00f6tt, mint Magyarorsz\u00e1gon, p\u00e9lda n\u00e9lk\u00fcli az Eur\u00f3pai Uni\u00f3ban.<\/p>\n<p><a href=\"https:\/\/freieungarischebotschaft.de\/wp-content\/uploads\/2020\/09\/Kulfoldon-szavazas-az-Europai-Unioban.pdf\" target=\"_blank\" rel=\"noopener noreferrer\">PDF verzi\u00f3 let\u00f6lt\u00e9se<\/a><\/p>\n<p>&#8220;Itt Szavazok&#8221; kamp\u00e1nyunkban azon dolgozunk, hogy\u00a0<b data-stringify-type=\"bold\">a k\u00f6vetkez\u0151 orsz\u00e1ggy\u0171l\u00e9si v\u00e1laszt\u00e1son minden k\u00fclf\u00f6ld\u00f6n \u00e9l\u0151, de magyarorsz\u00e1gi lakc\u00edmmel rendelkez\u0151 magyar v\u00e1laszt\u00f3polg\u00e1r lev\u00e9lben adhassa le mindk\u00e9t szavazat\u00e1t.\u00a0<\/b>\u00c9rdekl\u0151dsz, t\u00e1mogatod illetve seg\u00edten\u00e9d a projektet? <a href=\"https:\/\/freieungarischebotschaft.de\/itt-szavazok\">Itt tal\u00e1lsz tov\u00e1bbi inform\u00e1ci\u00f3t.<\/a><\/p>\n<\/div>\n<\/div>\n<\/div>\n<\/div>\n<\/div>\n<\/div>\n<\/div>\n<\/div>\n<\/div>\n<\/div>\n<\/div>\n<\/div>\n<\/div>\n<\/div>\n<\/div>\n<\/div>\n","protected":false},"excerpt":{"rendered":"<p>K\u00fclf\u00f6ld\u00f6n szavaz\u00e1s az Eur\u00f3pai Uni\u00f3ban Ha egy f\u00f6ldrajzi t\u00e9rs\u00e9gen bel\u00fcl szabad mozg\u00e1s \u00e9s ezzel p\u00e1rhuzamosan jelent\u0151s gazdas\u00e1gi k\u00fcl\u00f6nbs\u00e9gek, egyenl\u0151tlens\u00e9gek voltak, akkor az ismert t\u00f6rt\u00e9nelemben mindenkor \u00e9s mindenhol megfigyelhet\u0151 volt \u00e9s v\u00e9lhet\u0151en lesz is a v\u00e1ndorl\u00e1s a szeg\u00e9nyebb tartom\u00e1nyok, vagy orsz\u00e1gok fel\u0151l a gazdagabbak fel\u00e9. Ett\u0151l k\u00fcl\u00f6nb\u00f6z\u0151 jelens\u00e9get, kifejezetten politikai-ideol\u00f3giai ind\u00edttat\u00e1s\u00fa v\u00e1ndorl\u00e1st is tapasztalhattunk mindenkor, besz\u00e9lhet\u00fcnk [&hellip;]<\/p>\n","protected":false},"author":4,"featured_media":2268,"parent":0,"menu_order":0,"comment_status":"closed","ping_status":"closed","template":"templates\/template-full-width.php","meta":{"footnotes":""},"class_list":["post-2279","page","type-page","status-publish","has-post-thumbnail","hentry"],"_links":{"self":[{"href":"https:\/\/freieungarischebotschaft.de\/en\/wp-json\/wp\/v2\/pages\/2279","targetHints":{"allow":["GET"]}}],"collection":[{"href":"https:\/\/freieungarischebotschaft.de\/en\/wp-json\/wp\/v2\/pages"}],"about":[{"href":"https:\/\/freieungarischebotschaft.de\/en\/wp-json\/wp\/v2\/types\/page"}],"author":[{"embeddable":true,"href":"https:\/\/freieungarischebotschaft.de\/en\/wp-json\/wp\/v2\/users\/4"}],"replies":[{"embeddable":true,"href":"https:\/\/freieungarischebotschaft.de\/en\/wp-json\/wp\/v2\/comments?post=2279"}],"version-history":[{"count":7,"href":"https:\/\/freieungarischebotschaft.de\/en\/wp-json\/wp\/v2\/pages\/2279\/revisions"}],"predecessor-version":[{"id":2318,"href":"https:\/\/freieungarischebotschaft.de\/en\/wp-json\/wp\/v2\/pages\/2279\/revisions\/2318"}],"wp:featuredmedia":[{"embeddable":true,"href":"https:\/\/freieungarischebotschaft.de\/en\/wp-json\/wp\/v2\/media\/2268"}],"wp:attachment":[{"href":"https:\/\/freieungarischebotschaft.de\/en\/wp-json\/wp\/v2\/media?parent=2279"}],"curies":[{"name":"wp","href":"https:\/\/api.w.org\/{rel}","templated":true}]}}