{"id":2411,"date":"2020-12-15T16:31:19","date_gmt":"2020-12-15T16:31:19","guid":{"rendered":"https:\/\/freieungarischebotschaft.de\/?page_id=2411"},"modified":"2020-12-15T16:39:19","modified_gmt":"2020-12-15T16:39:19","slug":"reszvetel-a-valasztasi-rendszer-peremen","status":"publish","type":"page","link":"https:\/\/freieungarischebotschaft.de\/en\/reszvetel-a-valasztasi-rendszer-peremen","title":{"rendered":"R\u00e9szv\u00e9tel a v\u00e1laszt\u00e1si rendszer perem\u00e9n"},"content":{"rendered":"\n<h2>R\u00e9szv\u00e9tel a v\u00e1laszt\u00e1si rendszer perem\u00e9n<\/h2>\n<p>A 2019-es eur\u00f3pai parlamenti v\u00e1laszt\u00e1sokon m\u00e9rt\u00e9k az elm\u00falt 20 \u00e9vben a legmagasabb, 50,66%-os r\u00e9szv\u00e9teli ar\u00e1nyt, ez 2014-hez k\u00e9pest nyolc sz\u00e1zal\u00e9kpontos n\u00f6veked\u00e9s. Ez a sz\u00e1m azonban jelent\u0151s tag\u00e1llamok k\u00f6z\u00f6tti k\u00fcl\u00f6nbs\u00e9geket rejt.<\/p>\n<p>A Freie Ungarische Botschaft \u00e1ll\u00e1sfoglal\u00e1sa szerint egy demokratikus v\u00e1laszt\u00e1shoz olyan k\u00f6rnyezetre van sz\u00fcks\u00e9g, amelyben a v\u00e1laszt\u00f3k elhiszik, hogy az \u0151ket k\u00e9pviselni hivatott szerepl\u0151k megv\u00e1laszt\u00e1sa rajtuk m\u00falik, adottak a jogi-technikai felt\u00e9telek, s ez\u00e9rt \u00e9rdemes \u00e9lni a demokratikus v\u00e1laszt\u00f3jogukkal.<\/p>\n<p>Az Eur\u00f3pai Gazdas\u00e1gi \u00e9s Szoci\u00e1lis Bizotts\u00e1g (EGSZB) 2019. m\u00e1rcius 20-i t\u00e1j\u00e9koztat\u00f3 jelent\u00e9se szerint a fogyat\u00e9koss\u00e1ggal \u00e9l\u0151k t\u00e9nyleges jogai arra, hogy szavazzanak az eur\u00f3pai parlamenti v\u00e1laszt\u00e1sokon tov\u00e1bbra sem teljes k\u00f6r\u0171en biztos\u00edtott. Sajnos 15 tag\u00e1llam m\u00e9g mindig korl\u00e1tozza a fogyat\u00e9koss\u00e1ggal \u00e9l\u0151 szem\u00e9lyek szavazati jog\u00e1t, \u00edgy akad\u00e1lyozva e polg\u00e1roknak a demokratikus folyamatokban val\u00f3 \u00e9rdemi r\u00e9szv\u00e9tel\u00e9t \u00e9s k\u00e9pviselet\u00e9t. A nemzeti szab\u00e1lyok eredm\u00e9nyek\u00e9nt a legut\u00f3bbi eur\u00f3pai v\u00e1laszt\u00e1sokon a becsl\u00e9sek szerint 800 000 uni\u00f3s polg\u00e1r nem tudta szavazati jog\u00e1t gyakorolni fogyat\u00e9koss\u00e1ga vagy ment\u00e1lhigi\u00e9n\u00e9s probl\u00e9m\u00e1i miatt.<\/p>\n<p>A Hajl\u00e9ktalanokkal Foglalkoz\u00f3 Nemzeti Szervezetek Eur\u00f3pai Sz\u00f6vets\u00e9ge (FEANTSA) \u00e9s a Pierre Abb\u00e9 Alap\u00edtv\u00e1ny k\u00f6z\u00f6s jelent\u00e9se szerint (FEANTSA \u00e9s Pierre Abb\u00e9 Alap\u00edtv\u00e1ny: \u201eFifth Overview of Housing Exclusion in Europe 2020\u201d) legal\u00e1bb 700 000 hajl\u00e9ktalan ember \u00e9l az Eur\u00f3pai Uni\u00f3ban, \u00e9s k\u00f6zel 9 milli\u00f3 h\u00e1ztart\u00e1s \u00e9l s\u00falyosan el\u00e9gtelen lakhat\u00e1si k\u00f6r\u00fclm\u00e9nyek k\u00f6z\u00f6tt. Ez a sz\u00e1m t\u00edz \u00e9v alatt 70%-kal n\u0151tt. A hajl\u00e9ktalan emberek komoly neh\u00e9zs\u00e9gekbe \u00fctk\u00f6znek a szavaz\u00e1s tekintet\u00e9ben &#8211; el\u00e9g itt csak pl. Magyarorsz\u00e1g t\u00f6bb sebb\u0151l v\u00e9rz\u0151 lakc\u00edmnyilv\u00e1ntart\u00e1si sziszt\u00e9m\u00e1j\u00e1ra gondolni.<\/p>\n<p>A szavaz\u00e1s gyakorlati felt\u00e9telei ugyanolyan fontosak, mint az inform\u00e1ci\u00f3khoz val\u00f3 hozz\u00e1f\u00e9r\u00e9s, ezek a v\u00e1laszt\u00f3i jog, mint alapjog garanci\u00e1i.<\/p>\n<p>A t\u00f6rv\u00e9nyalkot\u00f3 feladata \u00e9s felel\u0151ss\u00e9ge, hogy a szavazati joggal rendelkez\u0151k, bele\u00e9rtve a sz\u00e1rmaz\u00e1si orsz\u00e1gukon k\u00edv\u00fcl \u00e9l\u0151 uni\u00f3s \u00e1llampolg\u00e1rokat, fogyat\u00e9kkal \u00e9l\u0151ket vagy a hajl\u00e9ktalan embereket, gyakorolhass\u00e1k ezt a jogukat.<\/p>\n<p>Az elt\u00e9r\u0151 v\u00e1laszt\u00e1si kult\u00far\u00e1k miatt sokf\u00e9le v\u00e1laszt\u00e1si rendszer l\u00e9tezik EU-ban. \u00c1ltal\u00e1nosan elv\u00e1rhat\u00f3ak azonban az egy\u00e9rtelm\u0171 \u00e9s nem diszkriminat\u00edv rendeletek az uni\u00f3s polg\u00e1rok szavazati es\u00e9lyegyenl\u0151s\u00e9g\u00e9vel kapcsolatban. K\u00fcl\u00f6n\u00f6sen fontos itt megeml\u00edteni a p\u00e1rtok regisztr\u00e1l\u00e1s\u00e1hoz val\u00f3 jogot, valamint a v\u00e1laszt\u00e1sokon val\u00f3 r\u00e9szv\u00e9telre, a szavaz\u00f3lapokhoz val\u00f3 hozz\u00e1f\u00e9r\u00e9sre, a jel\u00f6ltek ind\u00edt\u00e1s\u00e1ra, az akad\u00e1lymentess\u00e9gre, a meghatalmazott \u00fatj\u00e1n vagy t\u00e1volr\u00f3l t\u00f6rt\u00e9n\u0151 szavaz\u00e1sra vonatkoz\u00f3 jogokat.<\/p>\n<p>Megfontoland\u00f3 teh\u00e1t az Eur\u00f3pai Parlament 2020. november 26-i \u00e1ll\u00e1sfoglal\u00e1sa: az EP \u201eism\u00e9telten k\u00e9ri egy Eur\u00f3pai V\u00e1laszt\u00e1si Hat\u00f3s\u00e1g l\u00e9trehoz\u00e1s\u00e1t, amelynek feladata az eur\u00f3pai v\u00e1laszt\u00f3joggal kapcsolatos ir\u00e1nymutat\u00e1sok \u00e9s rendelkez\u00e9sek v\u00e9grehajt\u00e1s\u00e1nak nyomon k\u00f6vet\u00e9se; javasolja a nemzeti v\u00e1laszt\u00e1si irod\u00e1k k\u00f6z\u00f6tti inform\u00e1ci\u00f3csere-mechanizmusoknak az Eur\u00f3pai V\u00e1laszt\u00e1si Hat\u00f3s\u00e1g koordin\u00e1ci\u00f3ja mellett t\u00f6rt\u00e9n\u0151 meger\u0151s\u00edt\u00e9s\u00e9t.\u201d<\/p>\n<p>\u00a0<\/p>\n","protected":false},"excerpt":{"rendered":"<p>R\u00e9szv\u00e9tel a v\u00e1laszt\u00e1si rendszer perem\u00e9n A 2019-es eur\u00f3pai parlamenti v\u00e1laszt\u00e1sokon m\u00e9rt\u00e9k az elm\u00falt 20 \u00e9vben a legmagasabb, 50,66%-os r\u00e9szv\u00e9teli ar\u00e1nyt, ez 2014-hez k\u00e9pest nyolc sz\u00e1zal\u00e9kpontos n\u00f6veked\u00e9s. Ez a sz\u00e1m azonban jelent\u0151s tag\u00e1llamok k\u00f6z\u00f6tti k\u00fcl\u00f6nbs\u00e9geket rejt. A Freie Ungarische Botschaft \u00e1ll\u00e1sfoglal\u00e1sa szerint egy demokratikus v\u00e1laszt\u00e1shoz olyan k\u00f6rnyezetre van sz\u00fcks\u00e9g, amelyben a v\u00e1laszt\u00f3k elhiszik, hogy az \u0151ket [&hellip;]<\/p>\n","protected":false},"author":10,"featured_media":2268,"parent":0,"menu_order":0,"comment_status":"closed","ping_status":"closed","template":"templates\/template-full-width.php","meta":{"footnotes":""},"class_list":["post-2411","page","type-page","status-publish","has-post-thumbnail","hentry"],"_links":{"self":[{"href":"https:\/\/freieungarischebotschaft.de\/en\/wp-json\/wp\/v2\/pages\/2411","targetHints":{"allow":["GET"]}}],"collection":[{"href":"https:\/\/freieungarischebotschaft.de\/en\/wp-json\/wp\/v2\/pages"}],"about":[{"href":"https:\/\/freieungarischebotschaft.de\/en\/wp-json\/wp\/v2\/types\/page"}],"author":[{"embeddable":true,"href":"https:\/\/freieungarischebotschaft.de\/en\/wp-json\/wp\/v2\/users\/10"}],"replies":[{"embeddable":true,"href":"https:\/\/freieungarischebotschaft.de\/en\/wp-json\/wp\/v2\/comments?post=2411"}],"version-history":[{"count":3,"href":"https:\/\/freieungarischebotschaft.de\/en\/wp-json\/wp\/v2\/pages\/2411\/revisions"}],"predecessor-version":[{"id":2417,"href":"https:\/\/freieungarischebotschaft.de\/en\/wp-json\/wp\/v2\/pages\/2411\/revisions\/2417"}],"wp:featuredmedia":[{"embeddable":true,"href":"https:\/\/freieungarischebotschaft.de\/en\/wp-json\/wp\/v2\/media\/2268"}],"wp:attachment":[{"href":"https:\/\/freieungarischebotschaft.de\/en\/wp-json\/wp\/v2\/media?parent=2411"}],"curies":[{"name":"wp","href":"https:\/\/api.w.org\/{rel}","templated":true}]}}