{"id":2451,"date":"2021-03-10T21:24:46","date_gmt":"2021-03-10T21:24:46","guid":{"rendered":"https:\/\/freieungarischebotschaft.de\/?page_id=2451"},"modified":"2021-03-11T15:23:18","modified_gmt":"2021-03-11T15:23:18","slug":"hollandia-valaszt-de-hogyan","status":"publish","type":"page","link":"https:\/\/freieungarischebotschaft.de\/en\/hollandia-valaszt-de-hogyan","title":{"rendered":"Hollandia v\u00e1laszt &#8211; de hogyan?"},"content":{"rendered":"\n<h2>Hollandia v\u00e1laszt &#8211; de hogyan?<\/h2>\n\n\n\n<p>Mi\u00e9rt lenne bonyolult a lev\u00e9lszavaz\u00e1s k\u00fclf\u00f6ldr\u0151l? Mib\u0151l \u00e1llhatnak a l\u00e9p\u00e9sek? M\u00e1sok hogyan csin\u00e1lj\u00e1k? Nem felt\u00e9tlen\u00fcl gondoljuk \u00e1t ezeket a k\u00e9rd\u00e9seket, ha nem \u00e9rint k\u00f6zvetlen\u00fcl. A kisebbs\u00e9gek \u00e9rdekei \u00e1ltal\u00e1ban a kisebbs\u00e9geket \u00e9rdeklik legink\u00e1bb, azonban az \u0151 \u00e9rdekeik tiszteletben tart\u00e1sa elengedhetetlen egy j\u00f3l m\u0171k\u00f6d\u0151 demokr\u00e1ci\u00e1hoz. A szabad mozg\u00e1s \u00faj probl\u00e9m\u00e1kat teremt, amikre v\u00e1laszokat kell tal\u00e1lni. N\u00e9ha egy vil\u00e1gj\u00e1rv\u00e1ny alak\u00edtja \u00e1t a szok\u00e1sainkat.\u00a0<\/p>\n<p>Kezdj\u00fck a sz\u00e1mokkal!\u00a0<\/p>\n<p>2017-ben \u00f6sszesen 80.660 holland v\u00e1laszt\u00f3polg\u00e1r regisztr\u00e1lt k\u00fclf\u00f6ldr\u0151l a parlamenti v\u00e1laszt\u00e1sokon val\u00f3 r\u00e9szv\u00e9telre. 2012-ben ez a sz\u00e1m m\u00e9g 48.374 volt. \u00d6sszesen 68.132 v\u00e1laszt\u00f3polg\u00e1r v\u00e1lasztotta a lev\u00e9lben t\u00f6rt\u00e9n\u0151 szavaz\u00e1s lehet\u0151s\u00e9g\u00e9t, k\u00f6z\u00fcl\u00fck v\u00e9g\u00fcl <b>59.857 v\u00e1laszt\u00f3polg\u00e1r szavazata \u00e9rkezett be 2017-ben postai \u00faton<\/b>.\u00a0<\/p>\n<p>Magyarorsz\u00e1gon a k\u00fclk\u00e9pviseleteken val\u00f3 szem\u00e9lyes r\u00e9szv\u00e9tel 2018-ban 58.310 regisztr\u00e1lt szavaz\u00f3t jelentett, a megjelen\u00e9si ar\u00e1ny pedig 88,93% volt. A valasztas.hu oldal\u00e1n a 2014-es k\u00fclk\u00e9pviseleti szavaz\u00e1s eredm\u00e9nyei m\u00e1r nem el\u00e9rhet\u0151ek.\u00a0<\/p>\n<p>A magyarorsz\u00e1gi lakc\u00edmmel nem rendelkez\u0151k sz\u00e1m\u00e1ra biztos\u00edtott lev\u00e9lszavaz\u00e1s 2018-ban 378.449 f\u0151 sz\u00e1m\u00e1ra biztos\u00edtotta ezt a m\u00f3dot a n\u00e9vjegyz\u00e9kbe v\u00e9tel alapj\u00e1n, \u00e9s 84.37% adott le \u00e9rv\u00e9nyes szavazatot. 2014-ben ez a sz\u00e1m m\u00e9g 193.793 f\u0151 volt, 66,42% \u00e9rv\u00e9nyess\u00e9g mellett.\u00a0<\/p>\n<p>Al\u00e1bbi cikk\u00fcnkben az id\u00e9n zajl\u00f3 hollandiai v\u00e1laszt\u00e1sok p\u00e9ld\u00e1j\u00e1n szeretn\u00e9nk bemutatni, hogyan csin\u00e1lj\u00e1k ezt &#8211; p\u00e9ld\u00e1ul Hollandi\u00e1ban. A j\u00f6v\u0151 h\u00e9ten kezd\u0151d\u0151 szavaz\u00e1s, amelyet a pand\u00e9mi\u00e1nak k\u00f6sz\u00f6nhet\u0151en h\u00e1rom naposra b\u0151vitettek, mik\u00f6zben a szavaz\u00e1s m\u00f3djain is jelent\u0151sen v\u00e1ltoztattak, \u00e9rdekes eredm\u00e9nyeket hozhat. Hogyan alak\u00edtja a helyzethez a m\u00f3dszereit egy progressz\u00edv orsz\u00e1g?\u00a0<\/p>\n<p>Sok a hasonl\u00f3s\u00e1g a lev\u00e9lszavaz\u00e1s kapcs\u00e1n holland szomsz\u00e9dainkn\u00e1l. El\u0151zetes regisztr\u00e1ci\u00f3t k\u00f6vet\u0151en meg\u00e9rkeznek a szavaz\u00f3pap\u00edrok a v\u00e1laszt\u00f3polg\u00e1rhoz. Ez t\u00f6rt\u00e9nhet post\u00e1n vagy emailben, att\u00f3l f\u00fcgg\u0151en mi a k\u00e9nyelmesebb a szavaz\u00f3polg\u00e1r sz\u00e1m\u00e1ra. Nincs mindenkinek nyomtat\u00f3ja, vagy m\u00e1r nincs is sz\u00fcks\u00e9ge r\u00e1. A kit\u00f6lt\u00f6tt szavaz\u00f3lapot k\u00e9t helyre lehet elk\u00fcldeni. Vagy H\u00e1g\u00e1ba, ahol a v\u00e1laszt\u00e1si k\u00f6zpont tal\u00e1lhat\u00f3, vagy pedig a lak\u00f3hely szerint illet\u00e9kes nagyk\u00f6vets\u00e9ghez kell c\u00edmezni a bor\u00edt\u00e9kot. A bek\u00fcld\u00e9s post\u00e1n t\u00f6rt\u00e9nik. Ennyi az eg\u00e9sz!\u00a0<\/p>\n<p>De n\u00e9zz\u00fck r\u00e9szletesen is!\u00a0<\/p>\n<p>A szavaz\u00f3pap\u00edrok k\u00e9t f\u00e1zisban \u00e9rkeznek meg a v\u00e1laszt\u00f3polg\u00e1rhoz. 12 h\u00e9ttel a v\u00e1laszt\u00e1sok el\u0151tt H\u00e1ga \u00f6nkorm\u00e1nyzata post\u00e1n k\u00fcldi ki a szavaz\u00e1sr\u00f3l sz\u00f3l\u00f3 visszaigazol\u00e1st, valamint k\u00e9t bor\u00edt\u00e9kot: egy szavaz\u00f3borit\u00e9kot, amelybe majd a szavaz\u00f3lap ker\u00fcl, valamint egy v\u00e1laszbor\u00edt\u00e9kot, amelybe a szavaz\u00f3borit\u00e9kot kell majd behelyezni.\u00a0<\/p>\n<p>4 h\u00e9ttel a v\u00e1laszt\u00e1sok el\u0151tt k\u00fcldi ki az \u00f6nkorm\u00e1nyzat az igaz\u00e1n fontos dokumentumokat: a szavaz\u00f3lapot, \u00e9s a jel\u00f6lteket tartalmaz\u00f3 list\u00e1t. A regisztr\u00e1ci\u00f3n\u00e1l megadott m\u00f3dnak megfelel\u0151en ezeket a pap\u00edrokat vagy emailben, vagy pedig post\u00e1n kapja k\u00e9zhez a v\u00e1laszt\u00f3polg\u00e1r. A szavaz\u00f3lapok mell\u00e9 j\u00e1r egy r\u00e9szletes instrukci\u00f3kat tartalmaz\u00f3 lap is, amely eligaz\u00edt azzal kapcsolatban, milyen l\u00e9p\u00e9seket kell megtenni a bek\u00fcld\u00e9shez.\u00a0<\/p>\n<p>Bizonyos el\u0151vigy\u00e1zatoss\u00e1gi instrukci\u00f3k ismer\u0151sek lehetnek. Amennyiben emailben k\u00edv\u00e1ntad megkapni a pap\u00edrjaidat, nyomtat\u00e1sn\u00e1l \u00fcgyelni kell arra, hogy fekete fest\u00e9kkel, olvashat\u00f3an legyen kinyomtatva. 2021-ben tal\u00e1n m\u00e1r senki nem haszn\u00e1l saj\u00e1t nyomtat\u00f3t, de ez nem jelenthet akad\u00e1lyt azoknak, akik kifejezetten ezt a form\u00e1t k\u00e9rt\u00e9k. A jel\u00f6ltv\u00e1laszt\u00e1s, vagyis az ikszel\u00e9s sor\u00e1n 4 f\u00e9le sz\u00edn elfogadhat\u00f3: piros, fekete, k\u00e9k vagy z\u00f6ld.\u00a0<\/p>\n<p>Ezt k\u00f6vet\u0151en kell behelyezni a szavaz\u00f3lapot a szavaz\u00f3bor\u00edt\u00e9kba. Megengedett a saj\u00e1t bor\u00edt\u00e9k<\/p>\n<p>haszn\u00e1lata is erre a c\u00e9lra, ha valakin\u00e9l meg fellelhet\u0151 a h\u00e1ztart\u00e1sban ilyesmi. Ezut\u00e1n nem meglep\u0151 m\u00f3don le kell z\u00e1rni a bor\u00edt\u00e9kot.\u00a0<\/p>\n<p>A visszaigazol\u00f3 lapon ezt k\u00f6vet\u0151en kell kit\u00f6lteni a d\u00e1tumot, \u00e9s ell\u00e1tni egy al\u00e1\u00edr\u00e1ssal. Az al\u00e1\u00edr\u00e1snak meg kell egyeznie a szem\u00e9lyazonoss\u00e1got igazol\u00f3 dokumentumon felt\u00fcntetettel.<\/p>\n\n\n\n<figure class=\"wp-block-image size-large\"><img loading=\"lazy\" decoding=\"async\" width=\"800\" height=\"450\" src=\"https:\/\/freieungarischebotschaft.de\/wp-content\/uploads\/2021\/03\/stemmen-rode-potlood.jpg\" alt=\"\" class=\"wp-image-2452\" srcset=\"https:\/\/freieungarischebotschaft.de\/wp-content\/uploads\/2021\/03\/stemmen-rode-potlood.jpg 800w, https:\/\/freieungarischebotschaft.de\/wp-content\/uploads\/2021\/03\/stemmen-rode-potlood-300x169.jpg 300w, https:\/\/freieungarischebotschaft.de\/wp-content\/uploads\/2021\/03\/stemmen-rode-potlood-768x432.jpg 768w\" sizes=\"auto, (max-width: 800px) 100vw, 800px\" \/><\/figure>\n\n\n\n<p>Ezt k\u00f6vet\u0151en sz\u00fcks\u00e9g lesz egy m\u00e1solatra a holland szem\u00e9lyazonoss\u00e1got igazol\u00f3 dokumentumr\u00f3l. A m\u00e1solatr\u00f3l letakarhat\u00f3 a kombin\u00e1lt ad\u00f3sz\u00e1m (BSN-sz\u00e1m), az \u00fatlev\u00e9lsz\u00e1m \u00e9s a fot\u00f3, azonban a vezet\u00e9kn\u00e9vnek, a sz\u00fclet\u00e9si d\u00e1tumnak \u00e9s az \u00e9rv\u00e9nyess\u00e9gi id\u0151nek l\u00e1that\u00f3nak kell lennie.&nbsp;<\/p>\n<p>Utols\u00f3 l\u00e9p\u00e9sk\u00e9nt a v\u00e1laszbor\u00edt\u00e9kba kell helyezni a h\u00e1rom dolgot: a lez\u00e1rt szavaz\u00f3bor\u00edt\u00e9kot a behelyezett \u00e9s kit\u00f6lt\u00f6tt szavaz\u00f3lappal, az al\u00e1\u00edrt visszaigazol\u00f3 dokumentumot \u00e9s a szem\u00e9lyazonoss\u00e1got igazol\u00f3 dokumentum m\u00e1solat\u00e1t. A bor\u00edt\u00e9kot a kiv\u00e1lasztott bek\u00fcld\u00e9si helynek megfelel\u0151en kell megc\u00edmezni \u00e9s ell\u00e1tni a Tweede Kamerverkiezing felirattal. Alapvet\u0151en a bor\u00edt\u00e9kok H\u00e1g\u00e1nak vannak c\u00edmezve, azonban k\u00fclk\u00e9pviselet eset\u00e9n saj\u00e1t bor\u00edt\u00e9k is haszn\u00e1lhat\u00f3 a visszak\u00fcld\u00e9shez. Ezt k\u00f6vet\u0151en m\u00e1r csak le kell z\u00e1rni a bor\u00edt\u00e9kot \u00e9s ell\u00e1tni megfelel\u0151 sz\u00e1m\u00fa b\u00e9lyeggel. K\u00fclk\u00e9pviselet eset\u00e9n nyilv\u00e1nval\u00f3an ez a helyi tarif\u00e1t jelenti, mivel orsz\u00e1gon bel\u00fcl jut el a szavazat a befogad\u00f3 hivatalba. Nem kell teh\u00e1t eg\u00e9szen Hollandi\u00e1ig k\u00fcldeni a szavazatot. Tart\u00f3zkodjon vagy \u00e9ljen b\u00e1r valaki Ausztr\u00e1li\u00e1ban vagy az US\u00c1-ban, a k\u00fclk\u00e9pviselethez is eljuthat a szavazat, m\u00e9ghozz\u00e1 post\u00e1n. <b>K\u00f6nnyen, gyorsan, egyszer\u0171en \u00e9s hitelesen!&nbsp;<\/b><\/p>\n<p>Az egyetlen krit\u00e9rium, hogy a szavaz\u00f3bor\u00edt\u00e9knak meg kell \u00e9rkeznie a szavaz\u00e1s utols\u00f3 napj\u00e1n &#8211; teh\u00e1t 2021-ben, a pand\u00e9mia miatt h\u00e1rom naposra b\u0151v\u00edtett szavaz\u00e1s szerd\u00e1j\u00e1n &#8211; d\u00e9lut\u00e1n 3 \u00f3r\u00e1ig H\u00e1g\u00e1ba. Ez a hat\u00e1rid\u0151 nemzetk\u00f6zi viszonylatban is elegend\u0151 id\u0151t ad arra, hogy a 4 h\u00e9ttel a v\u00e1laszt\u00e1sok el\u0151tt meg\u00e9rkezett utols\u00f3 dokumentumok birtok\u00e1ban a szavaz\u00e1s lebonyol\u00edthat\u00f3 legyen. Helyi bek\u00fcld\u00e9s eset\u00e9n, vagyis amikor a v\u00e1laszt\u00f3polg\u00e1r lev\u00e9lben vagy szem\u00e9lyesen adja le a szavazatot tartalmaz\u00f3 bor\u00edt\u00e9kot \u00e9s mindezt a k\u00fclk\u00e9pviseletnek c\u00e9lozva, a hat\u00e1rid\u0151 m\u00e1r 2 h\u00e9ttel megr\u00f6vid\u00fcl &#8211; azonban m\u00e9g \u00edgy is elegend\u0151 id\u0151 \u00e1ll rendelkez\u00e9sre a lebonyol\u00edt\u00e1shoz.&nbsp;<\/p>\n<p>M\u00e1rcius 5-e \u00e9s 17-e k\u00f6z\u00f6tt a bor\u00edt\u00e9kok eljutnak H\u00e1g\u00e1ba a k\u00fclk\u00e9pviseletekr\u0151l, nem kell teh\u00e1t szem\u00e9lyesen megjelenni a szavaz\u00e1sn\u00e1l. Ez nemcsak k\u00f6nnyebbs\u00e9get jelent, de el\u0151vigy\u00e1zatoss\u00e1g szempontj\u00e1b\u00f3l is ez a m\u00f3d biztos\u00edtja a maxim\u00e1lis eg\u00e9szs\u00e9g\u00fcgyi biztons\u00e1got egy pand\u00e9mia idej\u00e9n.&nbsp;<\/p>\n<p>FUB &#8211; 2021. m\u00e1rcius 11.<\/p>\n<p><br>Forr\u00e1s: <a href=\"https:\/\/nlkiest.nl\/nieuws\/hogere-opkomst-bij-stemmen-internet.html\">k\u00e9p<\/a>, <a href=\"https:\/\/www.nederlandwereldwijd.nl\/wonen-werken\/stemmen-vanuit-het-buitenland\/stemmen\/stemmen-per-post\">sz\u00f6veg<\/a>, <a href=\"https:\/\/www.kiesraad.nl\/actueel\/nieuws\/2017\/03\/20\/officiele-uitslag-tweede-kamerverkiezing-15-maart-2017\">holland adatok<\/a>, <a href=\"https:\/\/www.valasztas.hu\/kulkepviseleti-reszveteli-adatok\">magyar v\u00e1laszt\u00e1si r\u00e9szv\u00e9tel<\/a>.<\/p>\n","protected":false},"excerpt":{"rendered":"<p>Hollandia v\u00e1laszt &#8211; de hogyan? Mi\u00e9rt lenne bonyolult a lev\u00e9lszavaz\u00e1s k\u00fclf\u00f6ldr\u0151l? Mib\u0151l \u00e1llhatnak a l\u00e9p\u00e9sek? M\u00e1sok hogyan csin\u00e1lj\u00e1k? Nem felt\u00e9tlen\u00fcl gondoljuk \u00e1t ezeket a k\u00e9rd\u00e9seket, ha nem \u00e9rint k\u00f6zvetlen\u00fcl. A kisebbs\u00e9gek \u00e9rdekei \u00e1ltal\u00e1ban a kisebbs\u00e9geket \u00e9rdeklik legink\u00e1bb, azonban az \u0151 \u00e9rdekeik tiszteletben tart\u00e1sa elengedhetetlen egy j\u00f3l m\u0171k\u00f6d\u0151 demokr\u00e1ci\u00e1hoz. A szabad mozg\u00e1s \u00faj probl\u00e9m\u00e1kat teremt, amikre [&hellip;]<\/p>\n","protected":false},"author":10,"featured_media":0,"parent":0,"menu_order":0,"comment_status":"closed","ping_status":"closed","template":"templates\/template-full-width.php","meta":{"footnotes":""},"class_list":["post-2451","page","type-page","status-publish","hentry"],"_links":{"self":[{"href":"https:\/\/freieungarischebotschaft.de\/en\/wp-json\/wp\/v2\/pages\/2451","targetHints":{"allow":["GET"]}}],"collection":[{"href":"https:\/\/freieungarischebotschaft.de\/en\/wp-json\/wp\/v2\/pages"}],"about":[{"href":"https:\/\/freieungarischebotschaft.de\/en\/wp-json\/wp\/v2\/types\/page"}],"author":[{"embeddable":true,"href":"https:\/\/freieungarischebotschaft.de\/en\/wp-json\/wp\/v2\/users\/10"}],"replies":[{"embeddable":true,"href":"https:\/\/freieungarischebotschaft.de\/en\/wp-json\/wp\/v2\/comments?post=2451"}],"version-history":[{"count":3,"href":"https:\/\/freieungarischebotschaft.de\/en\/wp-json\/wp\/v2\/pages\/2451\/revisions"}],"predecessor-version":[{"id":2459,"href":"https:\/\/freieungarischebotschaft.de\/en\/wp-json\/wp\/v2\/pages\/2451\/revisions\/2459"}],"wp:attachment":[{"href":"https:\/\/freieungarischebotschaft.de\/en\/wp-json\/wp\/v2\/media?parent=2451"}],"curies":[{"name":"wp","href":"https:\/\/api.w.org\/{rel}","templated":true}]}}